{"id":401,"date":"2025-02-26T15:38:49","date_gmt":"2025-02-26T15:38:49","guid":{"rendered":"https:\/\/szybkiinternetmobilny.pl\/?page_id=401"},"modified":"2025-02-26T15:38:51","modified_gmt":"2025-02-26T15:38:51","slug":"autorzy","status":"publish","type":"page","link":"https:\/\/szybkiinternetmobilny.pl\/ro\/autorzy\/","title":{"rendered":"Autori"},"content":{"rendered":"","protected":false},"excerpt":{"rendered":"","protected":false},"author":1,"featured_media":0,"parent":0,"menu_order":0,"comment_status":"closed","ping_status":"closed","template":"","meta":{"_acf_changed":false,"footnotes":""},"class_list":["post-401","page","type-page","status-publish","hentry"],"acf":[],"yoast_head":"<!-- This site is optimized with the Yoast SEO plugin v23.2 - https:\/\/yoast.com\/wordpress\/plugins\/seo\/ -->\n<title>Nasi autorzy \u2013 Eksperci, kt\u00f3rzy kreuj\u0105 mod\u0119<\/title>\n<meta name=\"description\" content=\"Odkryj sylwetki naszych autor\u00f3w \u2013 stylist\u00f3w i pasjonat\u00f3w mody, kt\u00f3rzy inspiruj\u0105, doradzaj\u0105 i \u015bledz\u0105 najnowsze trendy!\" \/>\n<meta name=\"robots\" content=\"index, follow, max-snippet:-1, max-image-preview:large, max-video-preview:-1\" \/>\n<link rel=\"canonical\" href=\"https:\/\/szybkiinternetmobilny.pl\/ro\/autorzy\/\" \/>\n<meta property=\"og:locale\" content=\"ro_RO\" \/>\n<meta property=\"og:type\" content=\"article\" \/>\n<meta property=\"og:title\" content=\"Nasi autorzy \u2013 Eksperci, kt\u00f3rzy kreuj\u0105 mod\u0119\" \/>\n<meta property=\"og:description\" content=\"Odkryj sylwetki naszych autor\u00f3w \u2013 stylist\u00f3w i pasjonat\u00f3w mody, kt\u00f3rzy inspiruj\u0105, doradzaj\u0105 i \u015bledz\u0105 najnowsze trendy!\" \/>\n<meta property=\"og:url\" content=\"https:\/\/szybkiinternetmobilny.pl\/ro\/autorzy\/\" \/>\n<meta property=\"og:site_name\" content=\"Pokrowce Poland\" \/>\n<meta property=\"article:modified_time\" content=\"2025-02-26T15:38:51+00:00\" \/>\n<meta name=\"twitter:card\" content=\"summary_large_image\" \/>\n<meta name=\"twitter:label1\" content=\"Timp estimat pentru citire\" \/>\n\t<meta name=\"twitter:data1\" content=\"1 minut\" \/>\n<script type=\"application\/ld+json\" class=\"yoast-schema-graph\">{\"@context\":\"https:\/\/schema.org\",\"@graph\":[{\"@type\":\"WebPage\",\"@id\":\"https:\/\/szybkiinternetmobilny.pl\/autorzy\/\",\"url\":\"https:\/\/szybkiinternetmobilny.pl\/autorzy\/\",\"name\":\"Nasi autorzy \u2013 Eksperci, kt\u00f3rzy kreuj\u0105 mod\u0119\",\"isPartOf\":{\"@id\":\"https:\/\/szybkiinternetmobilny.pl\/#website\"},\"datePublished\":\"2025-02-26T15:38:49+00:00\",\"dateModified\":\"2025-02-26T15:38:51+00:00\",\"description\":\"Odkryj sylwetki naszych autor\u00f3w \u2013 stylist\u00f3w i pasjonat\u00f3w mody, kt\u00f3rzy inspiruj\u0105, doradzaj\u0105 i \u015bledz\u0105 najnowsze trendy!\",\"breadcrumb\":{\"@id\":\"https:\/\/szybkiinternetmobilny.pl\/autorzy\/#breadcrumb\"},\"inLanguage\":\"ro-RO\",\"potentialAction\":[{\"@type\":\"ReadAction\",\"target\":[\"https:\/\/szybkiinternetmobilny.pl\/autorzy\/\"]}]},{\"@type\":\"BreadcrumbList\",\"@id\":\"https:\/\/szybkiinternetmobilny.pl\/autorzy\/#breadcrumb\",\"itemListElement\":[{\"@type\":\"ListItem\",\"position\":1,\"name\":\"Home\",\"item\":\"https:\/\/szybkiinternetmobilny.pl\/\"},{\"@type\":\"ListItem\",\"position\":2,\"name\":\"Autorzy\"}]},{\"@type\":\"WebSite\",\"@id\":\"https:\/\/szybkiinternetmobilny.pl\/#website\",\"url\":\"https:\/\/szybkiinternetmobilny.pl\/\",\"name\":\"Pokrowce Poland\",\"description\":\"Luksusowe pokrowce na siedzenia \u2013 styl i ochrona twojego auta!\",\"potentialAction\":[{\"@type\":\"SearchAction\",\"target\":{\"@type\":\"EntryPoint\",\"urlTemplate\":\"https:\/\/szybkiinternetmobilny.pl\/?s={search_term_string}\"},\"query-input\":\"required name=search_term_string\"}],\"inLanguage\":\"ro-RO\"}]}<\/script>\n<!-- \/ Yoast SEO plugin. -->","yoast_head_json":{"title":"Nasi autorzy \u2013 Eksperci, kt\u00f3rzy kreuj\u0105 mod\u0119","description":"Odkryj sylwetki naszych autor\u00f3w \u2013 stylist\u00f3w i pasjonat\u00f3w mody, kt\u00f3rzy inspiruj\u0105, doradzaj\u0105 i \u015bledz\u0105 najnowsze trendy!","robots":{"index":"index","follow":"follow","max-snippet":"max-snippet:-1","max-image-preview":"max-image-preview:large","max-video-preview":"max-video-preview:-1"},"canonical":"https:\/\/szybkiinternetmobilny.pl\/ro\/autorzy\/","og_locale":"ro_RO","og_type":"article","og_title":"Nasi autorzy \u2013 Eksperci, kt\u00f3rzy kreuj\u0105 mod\u0119","og_description":"Odkryj sylwetki naszych autor\u00f3w \u2013 stylist\u00f3w i pasjonat\u00f3w mody, kt\u00f3rzy inspiruj\u0105, doradzaj\u0105 i \u015bledz\u0105 najnowsze trendy!","og_url":"https:\/\/szybkiinternetmobilny.pl\/ro\/autorzy\/","og_site_name":"Pokrowce Poland","article_modified_time":"2025-02-26T15:38:51+00:00","twitter_card":"summary_large_image","twitter_misc":{"Timp estimat pentru citire":"1 minut"},"schema":{"@context":"https:\/\/schema.org","@graph":[{"@type":"WebPage","@id":"https:\/\/szybkiinternetmobilny.pl\/autorzy\/","url":"https:\/\/szybkiinternetmobilny.pl\/autorzy\/","name":"Nasi autorzy \u2013 Eksperci, kt\u00f3rzy kreuj\u0105 mod\u0119","isPartOf":{"@id":"https:\/\/szybkiinternetmobilny.pl\/#website"},"datePublished":"2025-02-26T15:38:49+00:00","dateModified":"2025-02-26T15:38:51+00:00","description":"Odkryj sylwetki naszych autor\u00f3w \u2013 stylist\u00f3w i pasjonat\u00f3w mody, kt\u00f3rzy inspiruj\u0105, doradzaj\u0105 i \u015bledz\u0105 najnowsze trendy!","breadcrumb":{"@id":"https:\/\/szybkiinternetmobilny.pl\/autorzy\/#breadcrumb"},"inLanguage":"ro-RO","potentialAction":[{"@type":"ReadAction","target":["https:\/\/szybkiinternetmobilny.pl\/autorzy\/"]}]},{"@type":"BreadcrumbList","@id":"https:\/\/szybkiinternetmobilny.pl\/autorzy\/#breadcrumb","itemListElement":[{"@type":"ListItem","position":1,"name":"Home","item":"https:\/\/szybkiinternetmobilny.pl\/"},{"@type":"ListItem","position":2,"name":"Autorzy"}]},{"@type":"WebSite","@id":"https:\/\/szybkiinternetmobilny.pl\/#website","url":"https:\/\/szybkiinternetmobilny.pl\/","name":"Pokrowce Poland","description":"Luksusowe pokrowce na siedzenia \u2013 styl i ochrona twojego auta!","potentialAction":[{"@type":"SearchAction","target":{"@type":"EntryPoint","urlTemplate":"https:\/\/szybkiinternetmobilny.pl\/?s={search_term_string}"},"query-input":"required name=search_term_string"}],"inLanguage":"ro-RO"}]}},"yoast_meta":{"yoast_wpseo_title":"","yoast_wpseo_metadesc":"","yoast_wpseo_canonical":"https:\/\/szybkiinternetmobilny.pl\/ro\/wp-json\/wp\/v2\/pages\/401"},"_links":{"self":[{"href":"https:\/\/szybkiinternetmobilny.pl\/ro\/wp-json\/wp\/v2\/pages\/401"}],"collection":[{"href":"https:\/\/szybkiinternetmobilny.pl\/ro\/wp-json\/wp\/v2\/pages"}],"about":[{"href":"https:\/\/szybkiinternetmobilny.pl\/ro\/wp-json\/wp\/v2\/types\/page"}],"author":[{"embeddable":true,"href":"https:\/\/szybkiinternetmobilny.pl\/ro\/wp-json\/wp\/v2\/users\/1"}],"replies":[{"embeddable":true,"href":"https:\/\/szybkiinternetmobilny.pl\/ro\/wp-json\/wp\/v2\/comments?post=401"}],"version-history":[{"count":1,"href":"https:\/\/szybkiinternetmobilny.pl\/ro\/wp-json\/wp\/v2\/pages\/401\/revisions"}],"predecessor-version":[{"id":402,"href":"https:\/\/szybkiinternetmobilny.pl\/ro\/wp-json\/wp\/v2\/pages\/401\/revisions\/402"}],"wp:attachment":[{"href":"https:\/\/szybkiinternetmobilny.pl\/ro\/wp-json\/wp\/v2\/media?parent=401"}],"curies":[{"name":"wp","href":"https:\/\/api.w.org\/{rel}","templated":true}]}}